{"id":9,"date":"2022-09-29T06:59:19","date_gmt":"2022-09-29T06:59:19","guid":{"rendered":"https:\/\/arexgo.com\/VPN\/?page_id=9"},"modified":"2025-11-26T13:30:26","modified_gmt":"2025-11-26T13:30:26","slug":"home","status":"publish","type":"page","link":"https:\/\/arexgo.com\/VPN\/","title":{"rendered":"Home"},"content":{"rendered":"<h1>Arex VPN | fast VPN | secure VPN | best VPN<\/h1>\n<h2 data-start=\"107\" data-end=\"164\">\ud83d\udd10\ud83c\udf0d Arex VPN: Fast, Secure &amp; Private Internet Access<\/h2>\n<p data-start=\"166\" data-end=\"527\">In today\u2019s digital world, privacy and security are more important than ever. \ud83d\udea8 <strong data-start=\"246\" data-end=\"258\">Arex<a href=\"https:\/\/arexgo.com\/VPN\/features\/\"> VPN<\/a><\/strong> is designed to protect your online activity, secure your data, and give you complete freedom on the internet.<\/p>\n<p data-start=\"166\" data-end=\"527\">Un <strong data-start=\"2541\" data-end=\"2555\">VPN rapide<\/strong> est la combinaison parfaite entre <strong data-start=\"2590\" data-end=\"2640\">s\u00e9curit\u00e9, confidentialit\u00e9 et haute performance<\/strong>. Il vous permet de naviguer librement, de jouer sans lag, de streamer sans coupure et de prot\u00e9ger vos donn\u00e9es contre les menaces en ligne. \ud83c\udf10\ud83d\udd10\u26a1<\/p>\n<div id=\"attachment_98\" style=\"width: 63px\" class=\"wp-caption alignnone\"><img decoding=\"async\" aria-describedby=\"caption-attachment-98\" class=\" wp-image-98\" src=\"https:\/\/media.arexgo.com\/dns\/files\/arex-vpn-social-img-1-300x158.webp\" alt=\"Arex VPN\" width=\"53\" height=\"28\" srcset=\"https:\/\/media.arexgo.com\/dns\/files\/arex-vpn-social-img-1-300x158.webp 300w, https:\/\/media.arexgo.com\/dns\/files\/arex-vpn-social-img-1-1024x538.webp 1024w, https:\/\/media.arexgo.com\/dns\/files\/arex-vpn-social-img-1-768x403.webp 768w, https:\/\/media.arexgo.com\/dns\/files\/arex-vpn-social-img-1-143x75.webp 143w, https:\/\/media.arexgo.com\/dns\/files\/arex-vpn-social-img-1-480x252.webp 480w, https:\/\/media.arexgo.com\/dns\/files\/arex-vpn-social-img-1.webp 1200w\" sizes=\"(max-width:767px) 53px, 53px\" \/><p id=\"caption-attachment-98\" class=\"wp-caption-text\">Arex VPN<\/p><\/div>\n<p data-start=\"166\" data-end=\"527\">With high-speed servers, strong encryption, and an easy-to-use interface, Arex VPN delivers a powerful solution for both personal and professional users. \ud83d\udcbb\ud83d\udcf1<\/p>\n<h2>fast VPN<\/h2>\n<p>\u00c0 l\u2019\u00e8re du num\u00e9rique, la vitesse et la s\u00e9curit\u00e9 sont devenues essentielles. \ud83d\ude80 Un <strong data-start=\"322\" data-end=\"336\">VPN rapide<\/strong> permet non seulement de prot\u00e9ger vos donn\u00e9es personnelles, mais aussi de profiter d\u2019une connexion stable et performante pour le streaming, le gaming et la navigation quotidienne. Que vous soyez un particulier ou un professionnel, un VPN haute vitesse est aujourd\u2019hui un outil indispensable. \ud83d\udd10<\/p>\n<p data-start=\"575\" data-end=\"716\">Arex VPN uses modern encryption technology to protect your data from hackers, trackers, and cyber threats.<br data-start=\"681\" data-end=\"684\" \/>Key security benefits include:<\/p>\n<ul data-start=\"717\" data-end=\"886\">\n<li data-start=\"717\" data-end=\"761\">\n<p data-start=\"719\" data-end=\"761\">\ud83d\udd12 Strong encryption for all connections<\/p>\n<\/li>\n<li data-start=\"762\" data-end=\"804\">\n<p data-start=\"764\" data-end=\"804\">\ud83e\uddff Protection on public Wi-Fi networks<\/p>\n<\/li>\n<li data-start=\"805\" data-end=\"852\">\n<p data-start=\"807\" data-end=\"852\">\ud83d\uded1 Prevention of data leaks and IP exposure<\/p>\n<\/li>\n<li data-start=\"853\" data-end=\"886\">\n<p data-start=\"855\" data-end=\"886\">\ud83e\uddec Secure tunneling protocols<\/p>\n<\/li>\n<\/ul>\n<p data-start=\"888\" data-end=\"951\">Your online activities stay private, safe, and fully encrypted. <a href=\"https:\/\/arexgo.com\/VPN\/contact-and-support\/\">contact with us<\/a><\/p>\n<div id=\"attachment_97\" style=\"width: 69px\" class=\"wp-caption aligncenter\"><img decoding=\"async\" aria-describedby=\"caption-attachment-97\" class=\" wp-image-97\" src=\"https:\/\/media.arexgo.com\/dns\/files\/arex-vpn-social-img-2-300x158.webp\" alt=\"fast VPN\" width=\"59\" height=\"31\" srcset=\"https:\/\/media.arexgo.com\/dns\/files\/arex-vpn-social-img-2-300x158.webp 300w, https:\/\/media.arexgo.com\/dns\/files\/arex-vpn-social-img-2-1024x538.webp 1024w, https:\/\/media.arexgo.com\/dns\/files\/arex-vpn-social-img-2-768x403.webp 768w, https:\/\/media.arexgo.com\/dns\/files\/arex-vpn-social-img-2-143x75.webp 143w, https:\/\/media.arexgo.com\/dns\/files\/arex-vpn-social-img-2-480x252.webp 480w, https:\/\/media.arexgo.com\/dns\/files\/arex-vpn-social-img-2.webp 1200w\" sizes=\"(max-width:767px) 59px, 59px\" \/><p id=\"caption-attachment-97\" class=\"wp-caption-text\">fast VPN<\/p><\/div>\n<h4 data-start=\"958\" data-end=\"1002\">\u26a1 High-Speed Performance Without Limits<\/h4>\n<p data-start=\"1003\" data-end=\"1154\">Unlike many VPN services that slow down your internet, Arex VPN is built for speed and stability.<br data-start=\"1100\" data-end=\"1103\" \/>With optimized servers worldwide \ud83c\udf0d, users enjoy:<\/p>\n<ul data-start=\"1155\" data-end=\"1273\">\n<li data-start=\"1155\" data-end=\"1189\">\n<p data-start=\"1157\" data-end=\"1189\">\ud83d\ude80 Fast browsing and streaming<\/p>\n<\/li>\n<li data-start=\"1190\" data-end=\"1215\">\n<p data-start=\"1192\" data-end=\"1215\">\ud83c\udfae Low-latency gaming<\/p>\n<\/li>\n<li data-start=\"1216\" data-end=\"1249\">\n<p data-start=\"1218\" data-end=\"1249\">\ud83c\udfa5 Buffer-free video playback<\/p>\n<\/li>\n<li data-start=\"1250\" data-end=\"1273\">\n<p data-start=\"1252\" data-end=\"1273\">\ud83d\udce5 Smooth downloads<\/p>\n<\/li>\n<\/ul>\n<p data-start=\"1275\" data-end=\"1332\">You get maximum performance without sacrificing security. let&#8217;s read about <a href=\"https:\/\/arexgo.com\/VPN\/android\/\">android vpn<\/a><\/p>\n<h3>secure VPN<\/h3>\n<p data-start=\"1378\" data-end=\"1473\">Arex VPN allows you to bypass geo-restrictions and access content from anywhere in the world.<\/p>\n<ul data-start=\"1474\" data-end=\"1652\">\n<li data-start=\"1474\" data-end=\"1507\">\n<p data-start=\"1476\" data-end=\"1507\">\ud83d\uddfa\ufe0f Connect to global servers<\/p>\n<\/li>\n<li data-start=\"1508\" data-end=\"1568\">\n<p data-start=\"1510\" data-end=\"1568\">\ud83d\udcfa Access international websites and streaming platforms<\/p>\n<\/li>\n<li data-start=\"1569\" data-end=\"1617\">\n<p data-start=\"1571\" data-end=\"1617\">\ud83d\udeab Avoid censorship and network restrictions<\/p>\n<\/li>\n<li data-start=\"1618\" data-end=\"1652\">\n<p data-start=\"1620\" data-end=\"1652\">\ud83c\udf0e Enjoy a truly open internet<\/p>\n<\/li>\n<\/ul>\n<p data-start=\"1654\" data-end=\"1712\">Traveling or at home, your digital freedom stays with you. read about <a href=\"https:\/\/arexgo.com\/VPN\/proxy-setup\/\">proxy setup<\/a><\/p>\n<div id=\"attachment_42\" style=\"width: 58px\" class=\"wp-caption alignright\"><img decoding=\"async\" aria-describedby=\"caption-attachment-42\" class=\" wp-image-42\" src=\"https:\/\/media.arexgo.com\/dns\/files\/padlock-icon-300x300.png\" alt=\"secure VPN\" width=\"48\" height=\"48\" srcset=\"https:\/\/media.arexgo.com\/dns\/files\/padlock-icon-300x300.png 300w, https:\/\/media.arexgo.com\/dns\/files\/padlock-icon-150x150.png 150w, https:\/\/media.arexgo.com\/dns\/files\/padlock-icon-146x146.png 146w, https:\/\/media.arexgo.com\/dns\/files\/padlock-icon-50x50.png 50w, https:\/\/media.arexgo.com\/dns\/files\/padlock-icon-75x75.png 75w, https:\/\/media.arexgo.com\/dns\/files\/padlock-icon-85x85.png 85w, https:\/\/media.arexgo.com\/dns\/files\/padlock-icon-80x80.png 80w, https:\/\/media.arexgo.com\/dns\/files\/padlock-icon.png 512w\" sizes=\"(max-width:767px) 48px, 48px\" \/><p id=\"caption-attachment-42\" class=\"wp-caption-text\">secure VPN<\/p><\/div>\n<h4 data-start=\"1719\" data-end=\"1757\">\ud83d\udc64 Total Privacy &amp; No-Logs Policy<\/h4>\n<p data-start=\"1758\" data-end=\"1922\">Privacy is at the core of Arex VPN. The service follows a strict <strong data-start=\"1823\" data-end=\"1841\">no-logs policy<\/strong>, meaning your browsing history, downloads, and connections are never recorded.<\/p>\n<ul data-start=\"1923\" data-end=\"2044\">\n<li data-start=\"1923\" data-end=\"1949\">\n<p data-start=\"1925\" data-end=\"1949\">\ud83d\udd76\ufe0f Anonymous browsing<\/p>\n<\/li>\n<li data-start=\"1950\" data-end=\"1977\">\n<p data-start=\"1952\" data-end=\"1977\">\ud83e\uddd1\u200d\ud83d\udcbb Hidden IP address<\/p>\n<\/li>\n<li data-start=\"1978\" data-end=\"2009\">\n<p data-start=\"1980\" data-end=\"2009\">\ud83d\udd10 Private digital identity<\/p>\n<\/li>\n<li data-start=\"2010\" data-end=\"2044\">\n<p data-start=\"2012\" data-end=\"2044\">\ud83d\udcf5 No tracking or data selling<\/p>\n<\/li>\n<\/ul>\n<p data-start=\"2046\" data-end=\"2078\">Your data always belongs to you.<\/p>\n<h3>best VPN<\/h3>\n<p data-start=\"2120\" data-end=\"2175\">Arex VPN works seamlessly across all major platforms:<\/p>\n<ul data-start=\"2176\" data-end=\"2244\">\n<li data-start=\"2176\" data-end=\"2196\">\n<p data-start=\"2178\" data-end=\"2196\">\ud83d\udcbb Windows &amp; Mac<\/p>\n<\/li>\n<li data-start=\"2197\" data-end=\"2217\">\n<p data-start=\"2199\" data-end=\"2217\">\ud83d\udcf1 iOS &amp; Android<\/p>\n<\/li>\n<li data-start=\"2218\" data-end=\"2244\">\n<p data-start=\"2220\" data-end=\"2244\">\ud83d\udda5\ufe0f Tablets &amp; desktops<\/p>\n<\/li>\n<\/ul>\n<p data-start=\"2246\" data-end=\"2312\">One account protects all your devices with a single, simple setup.<\/p>\n<div id=\"attachment_41\" style=\"width: 51px\" class=\"wp-caption alignnone\"><img decoding=\"async\" aria-describedby=\"caption-attachment-41\" class=\" wp-image-41\" src=\"https:\/\/media.arexgo.com\/dns\/files\/keyhole-icon-300x300.png\" alt=\"best VPN\" width=\"41\" height=\"41\" srcset=\"https:\/\/media.arexgo.com\/dns\/files\/keyhole-icon-300x300.png 300w, https:\/\/media.arexgo.com\/dns\/files\/keyhole-icon-150x150.png 150w, https:\/\/media.arexgo.com\/dns\/files\/keyhole-icon-146x146.png 146w, https:\/\/media.arexgo.com\/dns\/files\/keyhole-icon-50x50.png 50w, https:\/\/media.arexgo.com\/dns\/files\/keyhole-icon-75x75.png 75w, https:\/\/media.arexgo.com\/dns\/files\/keyhole-icon-85x85.png 85w, https:\/\/media.arexgo.com\/dns\/files\/keyhole-icon-80x80.png 80w, https:\/\/media.arexgo.com\/dns\/files\/keyhole-icon.png 512w\" sizes=\"(max-width:767px) 41px, 41px\" \/><p id=\"caption-attachment-41\" class=\"wp-caption-text\">best VPN<\/p><\/div>\n<h4 data-start=\"2319\" data-end=\"2356\">\ud83e\udded Simple Interface &amp; Easy Setup<\/h4>\n<p data-start=\"2357\" data-end=\"2428\">Arex VPN is designed for everyone \u2014 from beginners to advanced users.<\/p>\n<ul data-start=\"2429\" data-end=\"2554\">\n<li data-start=\"2429\" data-end=\"2455\">\n<p data-start=\"2431\" data-end=\"2455\">\u2705 One-click connection<\/p>\n<\/li>\n<li data-start=\"2456\" data-end=\"2485\">\n<p data-start=\"2458\" data-end=\"2485\">\ud83c\udf9a\ufe0f Easy server selection<\/p>\n<\/li>\n<li data-start=\"2486\" data-end=\"2520\">\n<p data-start=\"2488\" data-end=\"2520\">\ud83d\udcca Real-time connection status<\/p>\n<\/li>\n<li data-start=\"2521\" data-end=\"2554\">\n<p data-start=\"2523\" data-end=\"2554\">\ud83e\udde0 Smart automatic protection<\/p>\n<\/li>\n<\/ul>\n<p data-start=\"2556\" data-end=\"2604\">No technical knowledge is needed to stay secure.<\/p>\n<p data-start=\"2632\" data-end=\"2930\">Arex VPN is more than just a privacy tool \u2014 it\u2019s a complete security solution for modern internet users. With its powerful encryption, lightning-fast speeds, global servers, and strict privacy protection, Arex VPN gives you the confidence to browse, stream, and work online without limits. \ud83c\udf10\ud83d\udd12\ud83d\ude80 read about <a href=\"https:\/\/arexgo.com\/VPN\/windows-10\/\">windows 10 vpn<\/a><\/p>\n<p data-start=\"692\" data-end=\"849\">Un VPN rapide utilise un <strong data-start=\"717\" data-end=\"739\">chiffrement avanc\u00e9<\/strong> pour garantir la protection de vos informations sans ralentir votre connexion.<br data-start=\"818\" data-end=\"821\" \/>Ses principaux avantages :<\/p>\n<ul data-start=\"850\" data-end=\"1021\">\n<li data-start=\"850\" data-end=\"886\">\n<p data-start=\"852\" data-end=\"886\">\ud83d\udd12 Protection contre le piratage<\/p>\n<\/li>\n<li data-start=\"887\" data-end=\"933\">\n<p data-start=\"889\" data-end=\"933\">\ud83d\udee1\ufe0f S\u00e9curit\u00e9 sur les r\u00e9seaux Wi-Fi publics<\/p>\n<\/li>\n<li data-start=\"934\" data-end=\"965\">\n<p data-start=\"936\" data-end=\"965\">\ud83d\udc64 Masquage de l\u2019adresse IP<\/p>\n<\/li>\n<li data-start=\"966\" data-end=\"1021\">\n<p data-start=\"968\" data-end=\"1021\">\ud83e\uddff Confidentialit\u00e9 totale de vos activit\u00e9s en ligne<\/p>\n<\/li>\n<\/ul>\n<p data-start=\"1023\" data-end=\"1095\">Vous pouvez surfer en toute tranquillit\u00e9, sans interruptions ni risques.<\/p>\n<p data-start=\"2932\" data-end=\"3046\">If you\u2019re looking for a reliable, fast, and secure VPN, <strong data-start=\"2988\" data-end=\"3045\">Arex VPN is the smart choice for your digital freedom<\/strong>. <a href=\"https:\/\/arexgo.com\/VPN\/about-us\/\">about us<\/a><\/p>\n","protected":false},"excerpt":{"rendered":"<p>Arex VPN | fast VPN | secure VPN | best VPN \ud83d\udd10\ud83c\udf0d Arex VPN: Fast, Secure &amp; Private Internet Access In today\u2019s digital world, privacy and<span class=\"excerpt-hellip\"> [\u2026]<\/span><\/p>\n","protected":false},"author":2,"featured_media":0,"parent":0,"menu_order":0,"comment_status":"closed","ping_status":"closed","template":"","meta":{"_acf_changed":false,"footnotes":""},"class_list":["post-9","page","type-page","status-publish","hentry"],"acf":[],"_links":{"self":[{"href":"https:\/\/arexgo.com\/VPN\/wp-json\/wp\/v2\/pages\/9","targetHints":{"allow":["GET"]}}],"collection":[{"href":"https:\/\/arexgo.com\/VPN\/wp-json\/wp\/v2\/pages"}],"about":[{"href":"https:\/\/arexgo.com\/VPN\/wp-json\/wp\/v2\/types\/page"}],"author":[{"embeddable":true,"href":"https:\/\/arexgo.com\/VPN\/wp-json\/wp\/v2\/users\/2"}],"replies":[{"embeddable":true,"href":"https:\/\/arexgo.com\/VPN\/wp-json\/wp\/v2\/comments?post=9"}],"version-history":[{"count":3,"href":"https:\/\/arexgo.com\/VPN\/wp-json\/wp\/v2\/pages\/9\/revisions"}],"predecessor-version":[{"id":110,"href":"https:\/\/arexgo.com\/VPN\/wp-json\/wp\/v2\/pages\/9\/revisions\/110"}],"wp:attachment":[{"href":"https:\/\/arexgo.com\/VPN\/wp-json\/wp\/v2\/media?parent=9"}],"curies":[{"name":"wp","href":"https:\/\/api.w.org\/{rel}","templated":true}]}}