{"id":577,"date":"2022-02-13T06:14:06","date_gmt":"2022-02-13T06:14:06","guid":{"rendered":"https:\/\/arexgo.com\/Watch\/?page_id=577"},"modified":"2023-06-28T13:44:42","modified_gmt":"2023-06-28T13:44:42","slug":"application-monitoring","status":"publish","type":"page","link":"https:\/\/arexgo.com\/Watch\/application-monitoring\/","title":{"rendered":"Application Monitoring"},"content":{"rendered":"<h1>Application Monitoring | Application Performance Monitoring | Network Diagnostics | Anomaly Detection<\/h1>\n<h2>Application Monitoring<\/h2>\n<p><em>Application monitoring<\/em> is the process of measuring application performance. In the bustling city of your <a href=\"https:\/\/arexgo.com\/\">IT infrastructure<\/a>, Application Monitoring stands as the dedicated traffic controller.\ud83d\udea6 It&#8217;s constantly attuned to the ebbs and flows of your applications, tracking and recording every action, every process, every movement. Like an eagle soaring in the sky, it watches over your <a href=\"https:\/\/arexgo.com\/APP\">applications<\/a>, ready to alert you of any sudden crashes or bottlenecks. availability and user experience and using this data to identify and resolve. Find out who has the best APM tool and why. <em>Application monitoring<\/em> helps identify problems for rapid correction. This software helps you <a href=\"https:\/\/arexgo.com\/Watch\">monitor<\/a> transactions.<\/p>\n<p>Avec Application Monitoring, votre lien avec vos applications est toujours solide, vous \u00eates toujours inform\u00e9, et vos utilisateurs sont toujours satisfaits. C&#8217;est comme une danse continue avec vos applications, vous assurant que vous \u00eates toujours sur le bon tempo. \ud83d\udc83<\/p>\n<div id=\"attachment_1106\" style=\"width: 69px\" class=\"wp-caption alignnone\"><img loading=\"lazy\" decoding=\"async\" aria-describedby=\"caption-attachment-1106\" class=\" wp-image-1106\" src=\"https:\/\/arexgo.com\/Watch\/\/media\/watch\/files\/Application-Monitoring-social-img-1-300x169.webp\" alt=\"Application Monitoring\" width=\"59\" height=\"33\" srcset=\"https:\/\/media.arexgo.com\/watch\/files\/Application-Monitoring-social-img-1-300x169.webp 300w, https:\/\/media.arexgo.com\/watch\/files\/Application-Monitoring-social-img-1-768x432.webp 768w, https:\/\/media.arexgo.com\/watch\/files\/Application-Monitoring-social-img-1-260x146.webp 260w, https:\/\/media.arexgo.com\/watch\/files\/Application-Monitoring-social-img-1-50x28.webp 50w, https:\/\/media.arexgo.com\/watch\/files\/Application-Monitoring-social-img-1-133x75.webp 133w, https:\/\/media.arexgo.com\/watch\/files\/Application-Monitoring-social-img-1.webp 1016w\" sizes=\"auto, (max-width:767px) 59px, 59px\" \/><p id=\"caption-attachment-1106\" class=\"wp-caption-text\">Application Monitoring<\/p><\/div>\n<p>This digital guardian acts as your eyes and ears within your applications. It brings potential issues to your attention before they escalate into catastrophic failures. Its detailed performance reports give you the <a href=\"https:\/\/arexgo.com\/APP\/portfolio\/energy-company\/\">power<\/a> to make informed decisions, optimize resource utilization, and increase operational efficiency. <em>Application monitoring<\/em> is the process of collecting log data in order. to help all engineers increase performance. available in the <a href=\"https:\/\/arexgo.com\/APP\/portfolio\/organic-foods\/\">market<\/a>. See the top 15\u00a0<em>application monitoring<\/em> tools compared &amp; ranked! <a href=\"https:\/\/arexgo.com\/\">Arex<\/a> defines the\u00a0<em>Application<\/em>\u00a0Performance\u00a0<em>Monitoring<\/em> and Observability Market as software.<\/p>\n<p>L&#8217;Application Monitoring, c&#8217;est comme un flirt continu avec vos applications. \ud83d\udc93 Il conna\u00eet chaque d\u00e9tail de vos applications, chaque fr\u00e9missement de CPU, chaque battement de transaction, et chaque soup\u00e7on de latence. Il est toujours l\u00e0, attentif \u00e0 tous les signes de dysfonctionnement ou de probl\u00e8me, pr\u00eat \u00e0 vous avertir avec des battements de c\u0153ur (alertes) pr\u00e9cis et opportuns.<\/p>\n<p>Through constant vigilance and swift action, Application Monitoring ensures your applications remain robust, efficient, and customer-friendly. Think of Anomaly Detection as the sixth sense-wielding protagonist of your IT thriller. to help developers track availability, bugs, resource use. <em>Application monitoring<\/em> tools ensure that developers are not flying blind! provides visibility and analytics across your entire tech stack. <span class=\"MUxGbd wuQ4Ob WZ8Tjf\">\u00a0<\/span>List and review of the top 5 <em>Application<\/em>\u00a0<a href=\"https:\/\/arexgo.com\/Watch\/database-monitoring\/\">Performance\u00a0<em>Monitoring<\/em><\/a> Tools (APM Tools). Learn about features, benefits &amp; more!<\/p>\n<p>It&#8217;s important to be able to sense when something is likely to go wrong in addition to noting when anything is wrong. It serves as a prophetic sentinel, keeping tabs on your system&#8217;s typical behaviour and keeping an eye out for any outliers. Anomaly Detection is the first line of defence against the unexpected, whether it be a tiny anomaly or a significant interruption. components of a complete\u00a0<em>application performance management<\/em> solution. Track website or any\u00a0<em>application. that enables the observation and analysis of\u00a0application health.<\/em><\/p>\n<p>It&#8217;s the unsung hero, working tirelessly in the background to maintain the overall <a href=\"https:\/\/pizza360.ir\/portfolio\/health-and-beauty\/\" target=\"_blank\" rel=\"noopener\">health<\/a> of your applications and guaranteeing a smooth journey for your end-users.\ud83d\udee1\ufe0f It fights the antagonists of system failure and performance deterioration as the hero of your data story. \u00a0In some cases, prompt remediation can take place before users are even aware of an issue. An\u00a0<em>application monitor<\/em> needs <a href=\"https:\/\/arexgo.com\/it-services\/information-technology-consulting\/\">information<\/a> on the components of an application and how they <a href=\"https:\/\/arexgo.com\/APP\/portfolio\/\">work<\/a> together. <em>Applications<\/em>\u00a0<a href=\"https:\/\/arexgo.com\/it-service\/managed-security-services\/\">Manager<\/a> is an\u00a0<em>application<\/em>\u00a0performance\u00a0<em>monitoring<\/em> software.<\/p>\n<p>Your IT infrastructure will become more than just a set of devices with Anomaly Detection; it will become a powerful, proactive, and predictive force ready to take action at the first hint of problem. You can remain ahead of the curve and make sure your IT story is one of success rather than suspense if you have this unsung hero on your side. Automated tools can identify. that provides deep visibility into the performance and user experience.<\/p>\n<p>Ce flirt vous permet de comprendre l&#8217;\u00e9tat de sant\u00e9 de vos applications, d&#8217;identifier les tendances et les patterns, et de vous assurer que vos applications sont toujours performantes et efficaces. Parce qu&#8217;apr\u00e8s tout, qui ne voudrait pas que son application soit la plus s\u00e9duisante de toutes ?<\/p>\n<h2>Application Performance Monitoring<\/h2>\n<p>In the thrilling film of your IT landscape, Application Performance Monitoring is the tenacious detective.\ud83d\udd75\ufe0f\u200d\u2640\ufe0f With keen eyes and sharp instincts, it meticulously investigates the performance of your applications. It tracks every transaction, probes every process, and sifts through every byte of data. By utilising network diagnostics, you can ensure that your digital highway is kept clean for optimal productivity while also ensuring that your <a href=\"https:\/\/arexgo.com\/network\">network<\/a> is operating at peak efficiency. <em>Application monitoring<\/em> is a method of ensuring that an application operates. In the fields of information technology and systems <a href=\"https:\/\/arexgo.com\/it-service\/Fully-Managed\/\">management<\/a>.<\/p>\n<p>Avec l&#8217;Application Performance Monitoring, chaque page de votre roman informatique se tourne plus facilement. Il vous fournit les outils n\u00e9cessaires pour comprendre, contr\u00f4ler, et am\u00e9liorer vos applications. C&#8217;est votre guide deconfiance, assurant que votre voyage informatique est toujours une histoire de succ\u00e8s. \ud83d\udcd6<\/p>\n<p>Each piece of data is a potential clue leading to the secrets of your application&#8217;s performance. It&#8217;s the Sherlock Holmes of your IT infrastructure, solving complex performance puzzles with ease and finesse. Its mission? Ensuring peak performance, excellent user experience, and seamless operations. Network Diagnostics locates, isolates, and fixes any problems on your data highway, including packet loss, latency problems, and connectivity issues. It&#8217;s comparable to having a technician on call, ready to handle immediate problems and guarantee a safe, efficient flow of traffic. and performs as effectively as possible.<\/p>\n<div id=\"attachment_1107\" style=\"width: 70px\" class=\"wp-caption aligncenter\"><img loading=\"lazy\" decoding=\"async\" aria-describedby=\"caption-attachment-1107\" class=\" wp-image-1107\" src=\"https:\/\/arexgo.com\/Watch\/\/media\/watch\/files\/Application-Monitoring-social-img-2-300x169.webp\" alt=\"Application Performance Monitoring\" width=\"60\" height=\"34\" srcset=\"https:\/\/media.arexgo.com\/watch\/files\/Application-Monitoring-social-img-2-300x169.webp 300w, https:\/\/media.arexgo.com\/watch\/files\/Application-Monitoring-social-img-2-768x432.webp 768w, https:\/\/media.arexgo.com\/watch\/files\/Application-Monitoring-social-img-2-260x146.webp 260w, https:\/\/media.arexgo.com\/watch\/files\/Application-Monitoring-social-img-2-50x28.webp 50w, https:\/\/media.arexgo.com\/watch\/files\/Application-Monitoring-social-img-2-133x75.webp 133w, https:\/\/media.arexgo.com\/watch\/files\/Application-Monitoring-social-img-2.webp 1016w\" sizes=\"auto, (max-width:767px) 60px, 60px\" \/><p id=\"caption-attachment-1107\" class=\"wp-caption-text\">Application Performance Monitoring<\/p><\/div>\n<p>Dans le roman passionnant de votre infrastructure IT, l&#8217;Application Performance Monitoring est le fid\u00e8le compagnon de route. \ud83e\uddf3 Il vous accompagne dans votre voyage \u00e0 travers le paysage num\u00e9rique, explorant chaque recoin de vos applications, \u00e9tudiant chaque m\u00e9trique de performance, et vous rapportant les informations les plus pr\u00e9cieuses.<\/p>\n<p>La surveillance d&#8217;application est une pratique essentielle pour garantir la disponibilit\u00e9, les performances et la fiabilit\u00e9 des applications dans les entreprises modernes. La surveillance d&#8217;application implique l&#8217;utilisation de diff\u00e9rents outils pour suivre les performances de l&#8217;application, d\u00e9tecter les probl\u00e8mes potentiels et assurer une r\u00e9solution rapide des incidents.<\/p>\n<p>With Application Performance Monitoring, the mysteries of your <a href=\"https:\/\/arexgo.com\/APP\/web-application\/\">applications<\/a>&#8216; behavior unravel. It provides the plot twists, revealing insights that help you optimize your applications and improve your bottom line. In the exciting narrative of IT management, Application Performance Monitoring brings the drama, the suspense, and the grand resolution. \ud83c\udfac Network diagnostics can help in this situation. It patrols the area like a devoted highway patrol, seeking for any potential problems that can block the data flow. <em>application performance management<\/em> (APM) is the monitoring and management of the performance.<\/p>\n<p>guide \u00e0 travers les montagnes d&#8217;op\u00e9rations, les vall\u00e9es de transactions, et les rivi\u00e8res de donn\u00e9es, toujours \u00e0 la recherche de moyens pour am\u00e9liorer les performances et l&#8217;efficacit\u00e9. Il est le h\u00e9ros discret de votre roman num\u00e9rique, travaillant sans rel\u00e2che pour vous assurer une navigation en douceur dans le monde complexe de l&#8217;informatique.<\/p>\n<h3>Network Diagnostics<\/h3>\n<p>Imagine your IT network as a bustling highway \ud83d\udee3\ufe0f. The vehicles, representing data packets, whizz by in a constant, unending flow. But what happens when there&#8217;s a pile-up, or perhaps a pothole that disrupts this seamless movement? This is where Network Diagnostics comes in. Acting as a dedicated highway patrol, it surveys the landscape, looking for potential issues that might obstruct the data flow. reduce your app downtime, &amp; ensure consistent performance across all. helps you to better estimate the current and future resource requirements of applications.<\/p>\n<p>Des outils de diagnostic r\u00e9seau vous permettent de comprendre intimement votre r\u00e9seau, de d\u00e9tecter les probl\u00e8mes potentiels avant qu&#8217;ils ne deviennent de v\u00e9ritables casse-t\u00eates, et de r\u00e9soudre rapidement tout probl\u00e8me pour assurer un fonctionnement optimal. C&#8217;est comme avoir un entra\u00eeneur de relation pour votre r\u00e9seau, vous assurant que votre &#8220;relation&#8221; avec votre r\u00e9seau reste toujours forte, saine et productive. \ud83d\udcaa<\/p>\n<div id=\"attachment_608\" style=\"width: 86px\" class=\"wp-caption alignright\"><img loading=\"lazy\" decoding=\"async\" aria-describedby=\"caption-attachment-608\" class=\" wp-image-608\" src=\"https:\/\/arexgo.com\/Watch\/\/media\/watch\/files\/Application-monitoring-300x157.jpg\" alt=\"Network Diagnostics\" width=\"76\" height=\"40\" srcset=\"https:\/\/media.arexgo.com\/watch\/files\/\/Application-monitoring-300x157.jpg 300w, https:\/\/media.arexgo.com\/watch\/files\/\/Application-monitoring-1024x535.jpg 1024w, https:\/\/media.arexgo.com\/watch\/files\/\/Application-monitoring-768x401.jpg 768w, https:\/\/media.arexgo.com\/watch\/files\/\/Application-monitoring-1536x802.jpg 1536w, https:\/\/media.arexgo.com\/watch\/files\/\/Application-monitoring-260x136.jpg 260w, https:\/\/media.arexgo.com\/watch\/files\/\/Application-monitoring-50x26.jpg 50w, https:\/\/media.arexgo.com\/watch\/files\/\/Application-monitoring-144x75.jpg 144w, https:\/\/media.arexgo.com\/watch\/files\/\/Application-monitoring-1630x860.jpg 1630w, https:\/\/media.arexgo.com\/watch\/files\/\/Application-monitoring.jpg 1908w\" sizes=\"auto, (max-width:767px) 76px, 76px\" \/><p id=\"caption-attachment-608\" class=\"wp-caption-text\">Network Diagnostics<\/p><\/div>\n<p>From bandwidth bottlenecks to packet loss, from latency issues to <a href=\"https:\/\/arexgo.com\/Connect\/\">connectivity<\/a> outages, Network Diagnostics identifies, isolates, and rectifies any disruptions on your data highway. Every piece of information has the potential to reveal a secret about the workings of your application. Your IT infrastructure acts like Sherlock Holmes, deftly and skillfully resolving challenging performance conundrums. Its purpose? ensuring outstanding user experience, optimal performance, and smooth operations. The secrets surrounding the behaviour of your apps become clear with application performance monitoring.<\/p>\n<p>Les outils de surveillance d&#8217;application peuvent \u00eatre utilis\u00e9s pour surveiller diff\u00e9rents aspects des applications, tels que la disponibilit\u00e9, les temps de r\u00e9ponse, les erreurs, les transactions, les requ\u00eates de base de donn\u00e9es, les journaux, les serveurs d&#8217;applications, les serveurs Web, les bases de donn\u00e9es et bien plus encore. Ces outils collectent des donn\u00e9es en temps r\u00e9el et fournissent des alertes et des rapports en cas de d\u00e9faillance ou de comportement anormal.<\/p>\n<p>It&#8217;s like having a mechanic on standby, ready to perform real-time repairs and ensure the smooth and efficient flow of traffic. By leveraging Network Diagnostics, you not only keep your network running at peak performance but also enhance overall user experience, ensuring your digital highway remains clear for maximum productivity. \ud83d\udee0\ufe0f It offers the story twists, giving information that aid in application optimisation and boost your revenue. Application Performance Monitoring adds drama, suspense, and a grand resolution to the thrilling story of IT administration. Think of your IT network as a busy thoroughfare. The moving objects, which stand in for data packets, move in an endless stream.<\/p>\n<p>What transpires, then, when a traffic jam or possibly a pothole obstructs this fluid motion?<\/p>\n<p>Pensez aux diagnostics r\u00e9seau comme \u00e0 un rendez-vous avec votre r\u00e9seau. \ud83c\udf77 Il s&#8217;agit de se familiariser avec votre r\u00e9seau, de comprendre ses d\u00e9sirs (besoins de bande passante), ses \u00e9motions (fluctuations de latence) et ses caprices (pertes de paquets). Et tout comme un rendez-vous r\u00e9ussi n\u00e9cessite une \u00e9coute attentive, un diagnostic r\u00e9seau r\u00e9ussi n\u00e9cessite une surveillance et une analyse minutieuses.<\/p>\n<h3>Anomaly Detection<\/h3>\n<p>Picture Anomaly Detection as the hero with a sixth sense in your IT thriller. \ud83e\uddb8\u200d\u2642\ufe0f It&#8217;s not just about noticing when something is wrong, but about sensing when something is about to go wrong. It&#8217;s a prophetic sentinel, with its fingers on the pulse of your system&#8217;s normal behavior, and eyes that can see any deviations from this norm. It monitors each transaction, examines each operation, and sorts through every data byte. \u00a0Identify unused resources as well as future. \u00a0for Your Dynamic Environment. <em>Monitor<\/em>\u00a0any app.<\/p>\n<p>Ce magicien voit au-del\u00e0 du pr\u00e9sent, pr\u00e9dit l&#8217;avenir en fonction<\/p>\n<p>des tendances pass\u00e9es, et prot\u00e8ge votre royaume des surprises ind\u00e9sirables. Qu&#8217;il s&#8217;agisse d&#8217;une l\u00e9g\u00e8re d\u00e9viation ou d&#8217;un changement radical, la d\u00e9tection d&#8217;anomalies est votre bouclier contre l&#8217;inattendu. Elle vous permet de rester un pas en avant, pr\u00eat \u00e0 affronter et \u00e0 surmonter tout d\u00e9fi qui se pr\u00e9sente. Dans votre conte de f\u00e9es informatique, la d\u00e9tection d&#8217;anomalies est votre fid\u00e8le alli\u00e9, veillant \u00e0 ce que votre histoire soit toujours un succ\u00e8s. \ud83c\udff0<\/p>\n<div id=\"attachment_609\" style=\"width: 52px\" class=\"wp-caption alignnone\"><img loading=\"lazy\" decoding=\"async\" aria-describedby=\"caption-attachment-609\" class=\" wp-image-609\" src=\"https:\/\/arexgo.com\/Watch\/\/media\/watch\/files\/application-monitor-300x272.png\" alt=\"Anomaly Detection\" width=\"42\" height=\"38\" srcset=\"https:\/\/media.arexgo.com\/watch\/files\/\/application-monitor-300x272.png 300w, https:\/\/media.arexgo.com\/watch\/files\/\/application-monitor-1024x928.png 1024w, https:\/\/media.arexgo.com\/watch\/files\/\/application-monitor-768x696.png 768w, https:\/\/media.arexgo.com\/watch\/files\/\/application-monitor-161x146.png 161w, https:\/\/media.arexgo.com\/watch\/files\/\/application-monitor-50x45.png 50w, https:\/\/media.arexgo.com\/watch\/files\/\/application-monitor-83x75.png 83w, https:\/\/media.arexgo.com\/watch\/files\/\/application-monitor.png 1161w\" sizes=\"auto, (max-width:767px) 42px, 42px\" \/><p id=\"caption-attachment-609\" class=\"wp-caption-text\">Anomaly Detection<\/p><\/div>\n<p>Whether it&#8217;s a minor discrepancy or a major disruption, Anomaly Detection is the first line of defense against the unexpected. It&#8217;s the protagonist in your data story, combatting the villains of system breakdown and performance degradation. This digital watchdog serves as your applications&#8217; eyes and ears. It alerts you to possible problems before they develop into disastrous failures. Troubleshoot problems such as slow response times and application errors. and usage tracking of your live web\u00a0<em>application<\/em>. Leverage real-time performance\u00a0<em>monitoring<\/em>\u00a0for flawless\u00a0<em>application<\/em> performance in public.<\/p>\n<p>You have the ability to make wise decisions, maximise resource utilisation, and improve operational efficiency thanks to its in-depth performance reports. Automatically discover application topology. Web\u00a0<em>application monitoring<\/em> provides IT with the capability to detect. This tools are typically deployed into the operating system. Learn how\u00a0<em>Application<\/em>\u00a0Insights in Azure\u00a0<em>Monitor<\/em>\u00a0provides\u00a0<em>performance management. This software tools for your entire stack. Monitor essential application and software layers in your hybrid IT infrastructure.<\/em><\/p>\n<p>L&#8217;un des avantages cl\u00e9s de la surveillance d&#8217;application est qu&#8217;elle permet aux \u00e9quipes informatiques de d\u00e9tecter les probl\u00e8mes avant qu&#8217;ils ne se transforment en pannes importantes. En surveillant r\u00e9guli\u00e8rement les performances de l&#8217;application, les \u00e9quipes peuvent identifier les goulots d&#8217;\u00e9tranglement, les ressources sous-utilis\u00e9es et les probl\u00e8mes de configuration qui pourraient affecter les performances globales de l&#8217;application.<\/p>\n<p>With Anomaly Detection, your IT infrastructure is more than a machine; it&#8217;s a predictive, proactive, and powerful entity, ready to leap into action at the first sign of trouble. With this unsung hero on your side, you can stay ahead of the curve, ensuring your IT narrative is one of success and not suspense. \ud83c\udfc6 Application Monitoring keeps an eye on your apps to make sure they&#8217;re still reliable, effective, and user-friendly. private, or multicloud environments. \u00a0Get alerts when problems occur, quickly identify the root cause. The Best\u00a0<em>Application<\/em>\u00a0Performance\u00a0<em>Monitoring<\/em>\u00a0Tools.<\/p>\n<p>It&#8217;s the unsung hero, toiling away in the background to keep the general health of your applications and ensure that your end-users have a positive experience. and diagnose web application performance issues proactively. \u00a0This is a process that ensures that a software application processes and performs in an expected manner and scope. systems and networks maintain the levels of performance. Includes monitoring for Windows, web applications, Cloud applications, and much more. enables organizations to predict and prevent performance issues.\u00a0focuses on the performance and availability of the application itself.<\/p>\n<p>En somme, la surveillance d&#8217;application est un \u00e9l\u00e9ment essentiel pour garantir la disponibilit\u00e9, les performances et la fiabilit\u00e9 des applications dans les entreprises modernes. En utilisant les bons outils et en surveillant r\u00e9guli\u00e8rement les performances de l&#8217;application, les \u00e9quipes informatiques peuvent d\u00e9tecter les probl\u00e8mes rapidement et prendre des mesures pour garantir que les applications restent disponibles et fonctionnent correctement.<\/p>\n<p>Application Performance Monitoring is the tenacious investigator in the suspenseful movie that is your IT landscape. It carefully examines the operation of your applications with keen eyes and sharp intuition. distributed traces, and code performance with cloud-scale <em>Application<\/em>\u00a0Performance\u00a0<em>Monitoring<\/em> (APM). This tools are essential to help IT teams ensure that software applications. This lets you see how your applications are performing. before they impact users or the business. or their related databases, email system and &#8230;<\/p>\n<p>Dans le conte de f\u00e9es de votre infrastructure informatique, la d\u00e9tection d&#8217;anomalies est le magicien dot\u00e9 de pouvoirs proph\u00e9tiques. \ud83e\uddd9\u200d\u2642\ufe0f Il observe le royaume de vos donn\u00e9es, d\u00e9tectant les signes avant-coureurs de probl\u00e8mes et agissant comme le gardien de la normalit\u00e9.<\/p>\n<p>Application Monitoring acts as the <a href=\"https:\/\/pizza360.ir\/portfolio\/khaneh\" target=\"_blank\" rel=\"noopener\">designated<\/a> traffic controller in the busy metropolis of your IT infrastructure. It continuously monitors the ups and downs of your apps, logging every activity, every procedure, and every movement. It keeps watch over your apps like an eagle soaring in the <a href=\"https:\/\/pizza360.ir\/portfolio-item\/travel-agency\" target=\"_blank\" rel=\"noopener\">sky<\/a>, ready to warn you of any unexpected crashes or blockages. Easily\u00a0<em>monitor<\/em> service <a href=\"https:\/\/pizza360.ir\/portfolio\/pezeshk\" target=\"_blank\" rel=\"noopener\">health<\/a> metrics. and restore\u00a0<em>application<\/em> performance levels. <em>Application monitoring<\/em> will let you know when your main line of <a href=\"https:\/\/pizza360.ir\/portfolio-types\/store\/\" target=\"_blank\" rel=\"noopener\">business<\/a> apps. including its behavior, response time, and errors.<\/p>\n<p>Les outils de surveillance d&#8217;application peuvent \u00e9galement aider les \u00e9quipes \u00e0 planifier les mises \u00e0 niveau et les mises \u00e0 jour, en fournissant des informations sur les performances actuelles de l&#8217;application et les exigences potentielles pour les futures versions. Cela permet aux \u00e9quipes de mieux comprendre les besoins de l&#8217;application et de planifier en cons\u00e9quence, ce qui peut aider \u00e0 r\u00e9duire les co\u00fbts et les risques de temps d&#8217;arr\u00eat non planifi\u00e9s.<\/p>\n","protected":false},"excerpt":{"rendered":"<p>Application Monitoring | Application Performance Monitoring | Network Diagnostics | Anomaly Detection Application Monitoring Application monitoring is the process of measuring application performance. In the bustling<span class=\"excerpt-hellip\"> [\u2026]<\/span><\/p>\n","protected":false},"author":3,"featured_media":0,"parent":0,"menu_order":0,"comment_status":"closed","ping_status":"closed","template":"","meta":{"_acf_changed":false,"inline_featured_image":false,"footnotes":""},"class_list":["post-577","page","type-page","status-publish","hentry"],"acf":[],"_links":{"self":[{"href":"https:\/\/arexgo.com\/Watch\/wp-json\/wp\/v2\/pages\/577","targetHints":{"allow":["GET"]}}],"collection":[{"href":"https:\/\/arexgo.com\/Watch\/wp-json\/wp\/v2\/pages"}],"about":[{"href":"https:\/\/arexgo.com\/Watch\/wp-json\/wp\/v2\/types\/page"}],"author":[{"embeddable":true,"href":"https:\/\/arexgo.com\/Watch\/wp-json\/wp\/v2\/users\/3"}],"replies":[{"embeddable":true,"href":"https:\/\/arexgo.com\/Watch\/wp-json\/wp\/v2\/comments?post=577"}],"version-history":[{"count":0,"href":"https:\/\/arexgo.com\/Watch\/wp-json\/wp\/v2\/pages\/577\/revisions"}],"wp:attachment":[{"href":"https:\/\/arexgo.com\/Watch\/wp-json\/wp\/v2\/media?parent=577"}],"curies":[{"name":"wp","href":"https:\/\/api.w.org\/{rel}","templated":true}]}}